{"id":163,"date":"2023-12-09T14:14:27","date_gmt":"2023-12-09T11:14:27","guid":{"rendered":"https:\/\/ozbaymedya.com\/marketing\/?post_type=product&#038;p=163"},"modified":"2025-04-12T16:42:23","modified_gmt":"2025-04-12T13:42:23","slug":"profesyonel-paket","status":"publish","type":"product","link":"https:\/\/ozbaymedya.com\/marketing\/urun\/profesyonel-paket\/","title":{"rendered":"Profesyonel Paket &#8211; Y\u0131ll\u0131k"},"content":{"rendered":"<p>Influencer Ekibinde Listelenme<br \/>\nReklam Gelirinden Kazan\u00e7<br \/>\nProfil Analizi ve Raporlama<br \/>\n\u0130\u00e7erik \u00d6nerileri, Metin Yazarl\u0131\u011f\u0131 Deste\u011fi<br \/>\nInfluencerlarla \u0130\u015fbirli\u011fi F\u0131rsat\u0131<br \/>\n\u00c7a\u011fr\u0131 Merkezi Deste\u011fi<br \/>\nEtkinliklere \u00dccretsiz Kat\u0131l\u0131m<br \/>\n\u00dccretsiz \u00dcr\u00fcn G\u00f6nderimi<\/p>\n","protected":false},"excerpt":{"rendered":"<p>Influencer Ekibinde Listelenme<br \/>\nReklam Gelirinden Kazan\u00e7<br \/>\nProfil Analizi ve Raporlama<br \/>\n\u0130\u00e7erik \u00d6nerileri, Metin Yazarl\u0131\u011f\u0131 Deste\u011fi<br \/>\nInfluencerlarla \u0130\u015fbirli\u011fi F\u0131rsat\u0131<br \/>\n\u00c7a\u011fr\u0131 Merkezi Deste\u011fi<br \/>\nEtkinliklere \u00dccretsiz Kat\u0131l\u0131m<br \/>\n\u00dccretsiz \u00dcr\u00fcn G\u00f6nderimi<\/p>\n","protected":false},"featured_media":391,"comment_status":"open","ping_status":"closed","template":"","meta":[],"product_cat":[16],"product_tag":[],"class_list":{"0":"post-163","1":"product","2":"type-product","3":"status-publish","4":"has-post-thumbnail","6":"product_cat-genel","8":"first","9":"instock","10":"taxable","11":"shipping-taxable","12":"purchasable","13":"product-type-simple"},"_links":{"self":[{"href":"https:\/\/ozbaymedya.com\/marketing\/wp-json\/wp\/v2\/product\/163","targetHints":{"allow":["GET"]}}],"collection":[{"href":"https:\/\/ozbaymedya.com\/marketing\/wp-json\/wp\/v2\/product"}],"about":[{"href":"https:\/\/ozbaymedya.com\/marketing\/wp-json\/wp\/v2\/types\/product"}],"replies":[{"embeddable":true,"href":"https:\/\/ozbaymedya.com\/marketing\/wp-json\/wp\/v2\/comments?post=163"}],"wp:featuredmedia":[{"embeddable":true,"href":"https:\/\/ozbaymedya.com\/marketing\/wp-json\/wp\/v2\/media\/391"}],"wp:attachment":[{"href":"https:\/\/ozbaymedya.com\/marketing\/wp-json\/wp\/v2\/media?parent=163"}],"wp:term":[{"taxonomy":"product_cat","embeddable":true,"href":"https:\/\/ozbaymedya.com\/marketing\/wp-json\/wp\/v2\/product_cat?post=163"},{"taxonomy":"product_tag","embeddable":true,"href":"https:\/\/ozbaymedya.com\/marketing\/wp-json\/wp\/v2\/product_tag?post=163"}],"curies":[{"name":"wp","href":"https:\/\/api.w.org\/{rel}","templated":true}]}}