{"id":155,"date":"2023-12-08T19:20:16","date_gmt":"2023-12-08T16:20:16","guid":{"rendered":"https:\/\/ozbaymedya.com\/marketing\/?post_type=product&#038;p=155"},"modified":"2024-02-09T13:13:20","modified_gmt":"2024-02-09T10:13:20","slug":"caliskan-paket","status":"publish","type":"product","link":"https:\/\/ozbaymedya.com\/marketing\/urun\/caliskan-paket\/","title":{"rendered":"\u00c7al\u0131\u015fkan Paket &#8211; Y\u0131ll\u0131k"},"content":{"rendered":"<p>Influencer Ekibinde Listelenme<br \/>\nReklam Gelirinden Kazan\u00e7<\/p>\n","protected":false},"excerpt":{"rendered":"<p>Influencer Ekibinde Listelenme<br \/>\nReklam Gelirinden Kazan\u00e7<\/p>\n","protected":false},"featured_media":380,"comment_status":"open","ping_status":"closed","template":"","meta":[],"product_cat":[16],"product_tag":[],"class_list":{"0":"post-155","1":"product","2":"type-product","3":"status-publish","4":"has-post-thumbnail","6":"product_cat-genel","8":"first","9":"instock","10":"taxable","11":"shipping-taxable","12":"purchasable","13":"product-type-simple"},"_links":{"self":[{"href":"https:\/\/ozbaymedya.com\/marketing\/wp-json\/wp\/v2\/product\/155","targetHints":{"allow":["GET"]}}],"collection":[{"href":"https:\/\/ozbaymedya.com\/marketing\/wp-json\/wp\/v2\/product"}],"about":[{"href":"https:\/\/ozbaymedya.com\/marketing\/wp-json\/wp\/v2\/types\/product"}],"replies":[{"embeddable":true,"href":"https:\/\/ozbaymedya.com\/marketing\/wp-json\/wp\/v2\/comments?post=155"}],"wp:featuredmedia":[{"embeddable":true,"href":"https:\/\/ozbaymedya.com\/marketing\/wp-json\/wp\/v2\/media\/380"}],"wp:attachment":[{"href":"https:\/\/ozbaymedya.com\/marketing\/wp-json\/wp\/v2\/media?parent=155"}],"wp:term":[{"taxonomy":"product_cat","embeddable":true,"href":"https:\/\/ozbaymedya.com\/marketing\/wp-json\/wp\/v2\/product_cat?post=155"},{"taxonomy":"product_tag","embeddable":true,"href":"https:\/\/ozbaymedya.com\/marketing\/wp-json\/wp\/v2\/product_tag?post=155"}],"curies":[{"name":"wp","href":"https:\/\/api.w.org\/{rel}","templated":true}]}}