{"id":2,"date":"2023-12-02T15:44:58","date_gmt":"2023-12-02T12:44:58","guid":{"rendered":"https:\/\/ozbaymedya.com\/marketing\/?page_id=2"},"modified":"2024-02-03T16:08:37","modified_gmt":"2024-02-03T13:08:37","slug":"dijital-satis-sozlesmesi","status":"publish","type":"page","link":"https:\/\/ozbaymedya.com\/marketing\/dijital-satis-sozlesmesi\/","title":{"rendered":"Dijital Sat\u0131\u015f S\u00f6zle\u015fmesi"},"content":{"rendered":"\n<p><strong>Madde 1: Konu<\/strong><\/p>\n\n\n\n<p>1.1. Bu s\u00f6zle\u015fme, Sat\u0131c\u0131 taraf\u0131ndan belirtilen dijital \u00fcr\u00fcn veya hizmetin, Al\u0131c\u0131 taraf\u0131ndan sat\u0131n al\u0131nmas\u0131n\u0131 konu almaktad\u0131r.<\/p>\n\n\n\n<p><strong>Madde 2: \u00d6deme<\/strong><\/p>\n\n\n\n<p>2.1. Al\u0131c\u0131, belirtilen dijital \u00fcr\u00fcn veya hizmet i\u00e7in sat\u0131\u015f fiyat\u0131n\u0131 belirtilen \u00f6deme y\u00f6ntemiyle \u00f6demeyi kabul eder.<\/p>\n\n\n\n<p>2.2. \u00d6deme tamamland\u0131ktan sonra, Sat\u0131c\u0131, dijital \u00fcr\u00fcn veya hizmeti al\u0131c\u0131ya dijital olarak teslim etme sorumlulu\u011funu \u00fcstlenir.<\/p>\n\n\n\n<p><strong>Madde 3: Teslimat<\/strong><\/p>\n\n\n\n<p>3.1. Teslimat, Al\u0131c\u0131 taraf\u0131ndan sa\u011flanan ileti\u015fim bilgilerine g\u00f6re dijital olarak ger\u00e7ekle\u015ftirilecektir.<\/p>\n\n\n\n<p>3.2. Teslimat\u0131n ger\u00e7ekle\u015ftirilmesinden sonra, Al\u0131c\u0131, dijital \u00fcr\u00fcn\u00fcn veya hizmetin durumuyla ilgili herhangi bir ihtilaf oldu\u011funda derhal Sat\u0131c\u0131 ile ileti\u015fime ge\u00e7melidir.<\/p>\n\n\n\n<p><strong>Madde 4: \u0130ptal ve \u0130ade<\/strong><\/p>\n\n\n\n<p>4.1. Al\u0131c\u0131, dijital \u00fcr\u00fcn veya hizmetin \u00f6zelliklerine ba\u011fl\u0131 olarak, al\u0131c\u0131 hizmet sat\u0131n ald\u0131\u011f\u0131 i\u00e7in teslimat\u0131n ard\u0131ndan iptal veya iade talebinde bulunamaz.<\/p>\n\n\n\n<p><strong>Madde 5: Fikri M\u00fclkiyet Haklar\u0131<\/strong><\/p>\n\n\n\n<p>5.1. T\u00fcm fikri m\u00fclkiyet haklar\u0131, Sat\u0131c\u0131ya ait olup, Al\u0131c\u0131, sat\u0131n al\u0131nan dijital \u00fcr\u00fcn\u00fc veya hizmeti izinsiz kullanmamay\u0131 ve \u00e7o\u011faltmamay\u0131 kabul eder.<\/p>\n\n\n\n<p><strong>Madde 6: Gizlilik<\/strong><\/p>\n\n\n\n<p>6.1. Taraflar, bu s\u00f6zle\u015fme kapsam\u0131nda payla\u015f\u0131lan t\u00fcm bilgilerin gizlili\u011fini korumay\u0131 taahh\u00fct eder.<\/p>\n\n\n\n<p><strong>Madde 7: Genel H\u00fck\u00fcmler<\/strong><\/p>\n\n\n\n<p>7.1. Taraflar aras\u0131nda bu s\u00f6zle\u015fmede belirtilmeyen durumlar i\u00e7in kar\u015f\u0131l\u0131kl\u0131 olarak anla\u015fma yoluna gitmeyi kabul ederler.<\/p>\n\n\n\n<p>7.2. S\u00f6zle\u015fme, taraflar aras\u0131nda imzaland\u0131\u011f\u0131 tarihte y\u00fcr\u00fcrl\u00fc\u011fe girecek olup, taraflar\u0131n haklar\u0131n\u0131 ve y\u00fck\u00fcml\u00fcl\u00fcklerini ba\u011flay\u0131c\u0131d\u0131r.<\/p>\n\n\n\n<p>7.3. Ajans paket i\u00e7eriklerini diledi\u011fi zaman de\u011fi\u015ftirme ve iptal etme hakk\u0131na sahiptir.<\/p>\n\n\n\n<p><strong>Madde 8: Yarg\u0131 Yetkisi<\/strong><\/p>\n\n\n\n<p>8.1. Bu S\u00f6zle\u015fme&#8217;nin uygulanmas\u0131ndan do\u011fabilecek anla\u015fmazl\u0131klar\u0131n \u00e7\u00f6z\u00fcm\u00fcnde T\u00fcrkiye Cumhuriyeti mahkemeleri yetkilidir.<\/p>\n\n\n\n<p>Bu S\u00f6zle\u015fme, taraflar aras\u0131nda kar\u015f\u0131l\u0131kl\u0131 anla\u015fma ve onayla imzalanm\u0131\u015ft\u0131r.<\/p>\n\n\n\n<blockquote class=\"wp-block-quote is-layout-flow wp-block-quote-is-layout-flow\">\n<p><\/p>\n<\/blockquote>\n\n\n\n<p><\/p>\n\n\n\n<blockquote class=\"wp-block-quote is-layout-flow wp-block-quote-is-layout-flow\">\n<p><\/p>\n<\/blockquote>\n\n\n\n<p><\/p>\n","protected":false},"excerpt":{"rendered":"<p>Madde 1: Konu 1.1. Bu s\u00f6zle\u015fme, Sat\u0131c\u0131 taraf\u0131ndan belirtilen dijital \u00fcr\u00fcn veya hizmetin, Al\u0131c\u0131 taraf\u0131ndan sat\u0131n al\u0131nmas\u0131n\u0131 konu almaktad\u0131r. Madde 2: \u00d6deme 2.1. Al\u0131c\u0131, belirtilen dijital \u00fcr\u00fcn veya hizmet i\u00e7in sat\u0131\u015f fiyat\u0131n\u0131 belirtilen \u00f6deme y\u00f6ntemiyle \u00f6demeyi kabul eder. 2.2. \u00d6deme tamamland\u0131ktan sonra, Sat\u0131c\u0131, dijital \u00fcr\u00fcn veya hizmeti al\u0131c\u0131ya dijital olarak teslim etme sorumlulu\u011funu \u00fcstlenir. Madde [&hellip;]<\/p>\n","protected":false},"author":1,"featured_media":0,"parent":0,"menu_order":0,"comment_status":"closed","ping_status":"open","template":"","meta":{"footnotes":""},"class_list":["post-2","page","type-page","status-publish","hentry"],"_links":{"self":[{"href":"https:\/\/ozbaymedya.com\/marketing\/wp-json\/wp\/v2\/pages\/2","targetHints":{"allow":["GET"]}}],"collection":[{"href":"https:\/\/ozbaymedya.com\/marketing\/wp-json\/wp\/v2\/pages"}],"about":[{"href":"https:\/\/ozbaymedya.com\/marketing\/wp-json\/wp\/v2\/types\/page"}],"author":[{"embeddable":true,"href":"https:\/\/ozbaymedya.com\/marketing\/wp-json\/wp\/v2\/users\/1"}],"replies":[{"embeddable":true,"href":"https:\/\/ozbaymedya.com\/marketing\/wp-json\/wp\/v2\/comments?post=2"}],"version-history":[{"count":2,"href":"https:\/\/ozbaymedya.com\/marketing\/wp-json\/wp\/v2\/pages\/2\/revisions"}],"predecessor-version":[{"id":453,"href":"https:\/\/ozbaymedya.com\/marketing\/wp-json\/wp\/v2\/pages\/2\/revisions\/453"}],"wp:attachment":[{"href":"https:\/\/ozbaymedya.com\/marketing\/wp-json\/wp\/v2\/media?parent=2"}],"curies":[{"name":"wp","href":"https:\/\/api.w.org\/{rel}","templated":true}]}}